{"id":140,"date":"2021-11-03T14:05:41","date_gmt":"2021-11-03T14:05:41","guid":{"rendered":"https:\/\/crazy-galileo.85-93-91-81.plesk.page\/?page_id=140"},"modified":"2024-10-01T09:48:57","modified_gmt":"2024-10-01T09:48:57","slug":"ankauf","status":"publish","type":"page","link":"https:\/\/gross-autohaus.de\/index.php\/ankauf\/","title":{"rendered":"Ankauf"},"content":{"rendered":"<div id='av_section_1'  class='avia-section av-kvjpvwxd-7845a826cfa314c2484ec4430fcd1780 main_color avia-section-default avia-no-border-styling  avia-builder-el-0  el_before_av_section  avia-builder-el-first  avia-bg-style-scroll  av-desktop-hide av-medium-hide av-small-hide container_wrap fullsize'  ><div class='container av-section-cont-open' ><main  role=\"main\" itemprop=\"mainContentOfPage\"  class='template-page content  av-content-full alpha units'><div class='post-entry post-entry-type-page post-entry-140'><div class='entry-content-wrapper clearfix'>\n<\/div><\/div><\/main><!-- close content main element --><\/div><\/div>\n<style type=\"text\/css\" data-created_by=\"avia_inline_auto\" id=\"style-css-av-7whmc-c20cc6efb56609defd6f690a4bafa8c2\">\n.avia-section.av-7whmc-c20cc6efb56609defd6f690a4bafa8c2 .av-parallax .av-parallax-inner{\nbackground-repeat:no-repeat;\nbackground-image:url(https:\/\/i0.wp.com\/gross-autohaus.de\/wp-content\/uploads\/2021\/10\/reifen_back-1.jpg?fit=1600%2C1065&ssl=1);\nbackground-position:0% 0%;\nbackground-attachment:scroll;\n}\n.avia-section.av-7whmc-c20cc6efb56609defd6f690a4bafa8c2 .av-section-color-overlay{\nopacity:0.9;\nbackground-color:#282828;\n}\n<\/style>\n<div id='av_section_2'  class='avia-section av-7whmc-c20cc6efb56609defd6f690a4bafa8c2 main_color avia-section-no-padding avia-no-border-styling  avia-builder-el-1  el_after_av_section  el_before_av_section  avia-full-stretch av-parallax-section avia-bg-style-parallax av-section-color-overlay-active  av-minimum-height av-minimum-height-custom  container_wrap fullsize'  data-section-bg-repeat='stretch'><div class='av-parallax' data-avia-parallax-ratio='0.3' ><div class='av-parallax-inner main_color avia-full-stretch'><\/div><\/div><div class='av-section-color-overlay-wrap'><div class=\"av-section-color-overlay\"><\/div><div class='container av-section-cont-open' style='height:100px'><div class='template-page content  av-content-full alpha units'><div class='post-entry post-entry-type-page post-entry-140'><div class='entry-content-wrapper clearfix'>\n\n<style type=\"text\/css\" data-created_by=\"avia_inline_auto\" id=\"style-css-av-kvjleq3v-58d620f747ecd8ccaaf4fb2a9d2eddd0\">\n#top .av-special-heading.av-kvjleq3v-58d620f747ecd8ccaaf4fb2a9d2eddd0{\npadding-bottom:10px;\ncolor:#ffffff;\n}\n.av-special-heading.av-kvjleq3v-58d620f747ecd8ccaaf4fb2a9d2eddd0 .special-heading-inner-border{\nborder-color:#ffffff;\n}\n<\/style>\n<div  class='av-special-heading av-kvjleq3v-58d620f747ecd8ccaaf4fb2a9d2eddd0 av-special-heading-h2 custom-color-heading blockquote modern-quote modern-centered  avia-builder-el-2  avia-builder-el-no-sibling  '><h2 class='av-special-heading-tag  av-mini-font-size-overwrite av-mini-font-size-20'  itemprop=\"headline\"  >ANKAUF<\/h2><div class='special-heading-border'><div class='special-heading-inner-border'><\/div><\/div><\/div>\n\n<\/div><\/div><\/div><!-- close content main div --><\/div><\/div><\/div><div id='av_section_3'  class='avia-section av-fxlss-65b55e39668f21055378f49d6ce716dd main_color avia-section-default avia-no-border-styling  avia-builder-el-3  el_after_av_section  avia-builder-el-last  avia-bg-style-scroll  container_wrap fullsize'  ><div class='container av-section-cont-open' ><div class='template-page content  av-content-full alpha units'><div class='post-entry post-entry-type-page post-entry-140'><div class='entry-content-wrapper clearfix'>\n<div class='flex_column av-7bxng-6e0981893e1bd2b18fd1d161b77ad65a av_one_full  avia-builder-el-4  el_before_av_hr  avia-builder-el-first  first flex_column_div '   ><section class=\"av_textblock_section \"  itemscope=\"itemscope\" itemtype=\"https:\/\/schema.org\/CreativeWork\" ><div class='avia_textblock  '   itemprop=\"text\" ><h1>VERKAUF UNS DEIN AUTO!<\/h1>\n<p>Wir bewerten deinen Alten fair und transparent. Je genauer die Angaben, die du zu deinem Auto machen kannst sind, umso genauer ist die Wertermittlung. Die angezeigte Preisspanne ist nicht verbindlich, bietet dir aber einen ungef\u00e4hren Anhaltspunkt \u00fcber den Wert deines Fahrzeugs. Dieser wird anhand von marktbasierten Werten, die durch unseren Partner AutoUncle aus dem Fahrzeugangebot der gro\u00dfen Autob\u00f6rsen ermittelt werden, gebildet. Im Anschluss laden wir dich zu einem pers\u00f6nlichen Termin ein, bei dem wir dein Auto vor Ort begutachten und dir ein verbindliches Angebot unterbreiten.<\/p>\n<p>Schreibe uns bitte einfach eine E-Mail mit allen wichtigen Angaben zu Deinem Fahrzeug: <a href=\"mailto:info@gross-autohaus.de\">info@gross-autohaus.de<\/a><\/p>\n<\/div><\/section><\/div>\n<style type=\"text\/css\" data-created_by=\"avia_inline_auto\" id=\"style-css-av-m1q9aubk-e8112d7caff130bc36d9b85bb73f970f\">\n#top .hr.hr-invisible.av-m1q9aubk-e8112d7caff130bc36d9b85bb73f970f{\nheight:200px;\n}\n<\/style>\n<div  class='hr av-m1q9aubk-e8112d7caff130bc36d9b85bb73f970f hr-invisible  avia-builder-el-6  el_after_av_one_full  avia-builder-el-last  '><span class='hr-inner '><span class=\"hr-inner-style\"><\/span><\/span><\/div>\n\n","protected":false},"excerpt":{"rendered":"","protected":false},"author":1,"featured_media":0,"parent":0,"menu_order":0,"comment_status":"closed","ping_status":"closed","template":"","meta":{"_glsr_average":0,"_glsr_ranking":0,"_glsr_reviews":0,"footnotes":""},"class_list":["post-140","page","type-page","status-publish","hentry"],"jetpack_sharing_enabled":true,"_links":{"self":[{"href":"https:\/\/gross-autohaus.de\/index.php\/wp-json\/wp\/v2\/pages\/140","targetHints":{"allow":["GET"]}}],"collection":[{"href":"https:\/\/gross-autohaus.de\/index.php\/wp-json\/wp\/v2\/pages"}],"about":[{"href":"https:\/\/gross-autohaus.de\/index.php\/wp-json\/wp\/v2\/types\/page"}],"author":[{"embeddable":true,"href":"https:\/\/gross-autohaus.de\/index.php\/wp-json\/wp\/v2\/users\/1"}],"replies":[{"embeddable":true,"href":"https:\/\/gross-autohaus.de\/index.php\/wp-json\/wp\/v2\/comments?post=140"}],"version-history":[{"count":20,"href":"https:\/\/gross-autohaus.de\/index.php\/wp-json\/wp\/v2\/pages\/140\/revisions"}],"predecessor-version":[{"id":1099,"href":"https:\/\/gross-autohaus.de\/index.php\/wp-json\/wp\/v2\/pages\/140\/revisions\/1099"}],"wp:attachment":[{"href":"https:\/\/gross-autohaus.de\/index.php\/wp-json\/wp\/v2\/media?parent=140"}],"curies":[{"name":"wp","href":"https:\/\/api.w.org\/{rel}","templated":true}]}}